{"id":36,"date":"2023-07-24T18:03:18","date_gmt":"2023-07-24T16:03:18","guid":{"rendered":"https:\/\/gladyshulot-magnetiseuse.fr\/?page_id=36"},"modified":"2024-04-17T08:27:17","modified_gmt":"2024-04-17T06:27:17","slug":"magnetisme-magnetiseuse-gladys-hulot-gladys-hulot-magnetiseuse-reims","status":"publish","type":"page","link":"https:\/\/gladyshulot-magnetiseuse.fr\/","title":{"rendered":"Gladys Hulot, magn\u00e9tiseuse"},"content":{"rendered":"\t\t<div data-elementor-type=\"wp-page\" data-elementor-id=\"36\" class=\"elementor elementor-36\">\n\t\t\t\t\t\t<section class=\"elementor-section elementor-top-section elementor-element elementor-element-1c40c83 elementor-section-boxed elementor-section-height-default elementor-section-height-default\" data-id=\"1c40c83\" data-element_type=\"section\">\n\t\t\t\t\t\t<div class=\"elementor-container elementor-column-gap-default\">\n\t\t\t\t\t<div class=\"elementor-column elementor-col-50 elementor-top-column elementor-element elementor-element-0fb3086\" data-id=\"0fb3086\" data-element_type=\"column\">\n\t\t\t<div class=\"elementor-widget-wrap elementor-element-populated\">\n\t\t\t\t\t\t<div class=\"elementor-element elementor-element-27729f4 elementor-widget elementor-widget-spacer\" data-id=\"27729f4\" data-element_type=\"widget\" data-widget_type=\"spacer.default\">\n\t\t\t\t<div class=\"elementor-widget-container\">\n\t\t\t<style>\/*! elementor - v3.20.0 - 13-03-2024 *\/\n.elementor-column .elementor-spacer-inner{height:var(--spacer-size)}.e-con{--container-widget-width:100%}.e-con-inner>.elementor-widget-spacer,.e-con>.elementor-widget-spacer{width:var(--container-widget-width,var(--spacer-size));--align-self:var(--container-widget-align-self,initial);--flex-shrink:0}.e-con-inner>.elementor-widget-spacer>.elementor-widget-container,.e-con>.elementor-widget-spacer>.elementor-widget-container{height:100%;width:100%}.e-con-inner>.elementor-widget-spacer>.elementor-widget-container>.elementor-spacer,.e-con>.elementor-widget-spacer>.elementor-widget-container>.elementor-spacer{height:100%}.e-con-inner>.elementor-widget-spacer>.elementor-widget-container>.elementor-spacer>.elementor-spacer-inner,.e-con>.elementor-widget-spacer>.elementor-widget-container>.elementor-spacer>.elementor-spacer-inner{height:var(--container-widget-height,var(--spacer-size))}.e-con-inner>.elementor-widget-spacer.elementor-widget-empty,.e-con>.elementor-widget-spacer.elementor-widget-empty{position:relative;min-height:22px;min-width:22px}.e-con-inner>.elementor-widget-spacer.elementor-widget-empty .elementor-widget-empty-icon,.e-con>.elementor-widget-spacer.elementor-widget-empty .elementor-widget-empty-icon{position:absolute;top:0;bottom:0;left:0;right:0;margin:auto;padding:0;width:22px;height:22px}<\/style>\t\t<div class=\"elementor-spacer\">\n\t\t\t<div class=\"elementor-spacer-inner\"><\/div>\n\t\t<\/div>\n\t\t\t\t<\/div>\n\t\t\t\t<\/div>\n\t\t\t\t\t<\/div>\n\t\t<\/div>\n\t\t\t\t<div class=\"elementor-column elementor-col-50 elementor-top-column elementor-element elementor-element-5b564e6\" data-id=\"5b564e6\" data-element_type=\"column\">\n\t\t\t<div class=\"elementor-widget-wrap\">\n\t\t\t\t\t\t\t<\/div>\n\t\t<\/div>\n\t\t\t\t\t<\/div>\n\t\t<\/section>\n\t\t\t\t<section class=\"elementor-section elementor-top-section elementor-element elementor-element-e1e9b6b elementor-section-boxed elementor-section-height-default elementor-section-height-default\" data-id=\"e1e9b6b\" data-element_type=\"section\">\n\t\t\t\t\t\t<div class=\"elementor-container elementor-column-gap-default\">\n\t\t\t\t\t<div class=\"elementor-column elementor-col-25 elementor-top-column elementor-element elementor-element-d6f0360\" data-id=\"d6f0360\" data-element_type=\"column\">\n\t\t\t<div class=\"elementor-widget-wrap elementor-element-populated\">\n\t\t\t\t\t\t\t<\/div>\n\t\t<\/div>\n\t\t\t\t<div class=\"elementor-column elementor-col-25 elementor-top-column elementor-element elementor-element-ad2f08b\" data-id=\"ad2f08b\" data-element_type=\"column\">\n\t\t\t<div class=\"elementor-widget-wrap elementor-element-populated\">\n\t\t\t\t\t\t<div class=\"elementor-element elementor-element-4b0a29a elementor-widget__width-initial elementor-widget elementor-widget-text-editor\" data-id=\"4b0a29a\" data-element_type=\"widget\" data-widget_type=\"text-editor.default\">\n\t\t\t\t<div class=\"elementor-widget-container\">\n\t\t\t<style>\/*! elementor - v3.20.0 - 13-03-2024 *\/\n.elementor-widget-text-editor.elementor-drop-cap-view-stacked .elementor-drop-cap{background-color:#69727d;color:#fff}.elementor-widget-text-editor.elementor-drop-cap-view-framed .elementor-drop-cap{color:#69727d;border:3px solid;background-color:transparent}.elementor-widget-text-editor:not(.elementor-drop-cap-view-default) .elementor-drop-cap{margin-top:8px}.elementor-widget-text-editor:not(.elementor-drop-cap-view-default) .elementor-drop-cap-letter{width:1em;height:1em}.elementor-widget-text-editor .elementor-drop-cap{float:left;text-align:center;line-height:1;font-size:50px}.elementor-widget-text-editor .elementor-drop-cap-letter{display:inline-block}<\/style>\t\t\t\t<p class=\"p1\"><span class=\"s1\">Fille du magn\u00e9tiseur Serge Hulot, j\u2019ai grandi dans l\u2019univers extr\u00eamement bienveillant du magn\u00e9tisme. Au fil du temps, de nombreux \u00e9v\u00e9nements me firent savoir qu\u2019il m\u2019\u00e9tait \u00e9galement possible de transmettre cette \u00e9nergie. Ainsi, depuis 2021, je propose des s\u00e9ances de magn\u00e9tisme.\u00a0<\/span><\/p><p class=\"p2\"><span class=\"s2\">L\u2019\u00e9coute occupe une place essentielle au cours des consultations o\u00f9 j\u2019invite la personne en demande \u00e0 mettre des mots sur ses maux \u00e0 mesure qu\u2019elle re\u00e7oit l\u2019\u00e9nergie lors de la s\u00e9ance. La conversation a pour but de nous guider vers l\u2019origine du probl\u00e8me afin que le magn\u00e9tisme \u0153uvre \u00e0 r\u00e9tablir l&rsquo;\u00e9quilibre \u00e0 la racine de ce dernier. Cependant, la s\u00e9ance peut \u00e9galement se d\u00e9rouler dans le silence suivant les pr\u00e9f\u00e9rences de chacun. Il est important de noter que le magn\u00e9tiseur joue le r\u00f4le de canal entre l\u2019\u00e9nergie de l\u2019Univers et la personne en demande.<\/span><\/p>\t\t\t\t\t\t<\/div>\n\t\t\t\t<\/div>\n\t\t\t\t<div class=\"elementor-element elementor-element-1a4b792 elementor-widget elementor-widget-spacer\" data-id=\"1a4b792\" data-element_type=\"widget\" data-widget_type=\"spacer.default\">\n\t\t\t\t<div class=\"elementor-widget-container\">\n\t\t\t\t\t<div class=\"elementor-spacer\">\n\t\t\t<div class=\"elementor-spacer-inner\"><\/div>\n\t\t<\/div>\n\t\t\t\t<\/div>\n\t\t\t\t<\/div>\n\t\t\t\t\t<\/div>\n\t\t<\/div>\n\t\t\t\t<div class=\"elementor-column elementor-col-50 elementor-top-column elementor-element elementor-element-d4fef52\" data-id=\"d4fef52\" data-element_type=\"column\">\n\t\t\t<div class=\"elementor-widget-wrap elementor-element-populated\">\n\t\t\t\t\t\t<div class=\"elementor-element elementor-element-d44453a elementor-widget elementor-widget-text-editor\" data-id=\"d44453a\" data-element_type=\"widget\" data-widget_type=\"text-editor.default\">\n\t\t\t\t<div class=\"elementor-widget-container\">\n\t\t\t\t\t\t\t\t\t\t\t\t\t<\/div>\n\t\t\t\t<\/div>\n\t\t\t\t\t<\/div>\n\t\t<\/div>\n\t\t\t\t\t<\/div>\n\t\t<\/section>\n\t\t\t\t<section class=\"elementor-section elementor-top-section elementor-element elementor-element-61cf115 elementor-section-boxed elementor-section-height-default elementor-section-height-default\" data-id=\"61cf115\" data-element_type=\"section\" data-settings=\"{&quot;background_background&quot;:&quot;classic&quot;}\">\n\t\t\t\t\t\t<div class=\"elementor-container elementor-column-gap-default\">\n\t\t\t\t\t<div class=\"elementor-column elementor-col-100 elementor-top-column elementor-element elementor-element-8856b2c\" data-id=\"8856b2c\" data-element_type=\"column\">\n\t\t\t<div class=\"elementor-widget-wrap elementor-element-populated\">\n\t\t\t\t\t\t<div class=\"elementor-element elementor-element-bb5891d elementor-widget elementor-widget-spacer\" data-id=\"bb5891d\" data-element_type=\"widget\" data-widget_type=\"spacer.default\">\n\t\t\t\t<div class=\"elementor-widget-container\">\n\t\t\t\t\t<div class=\"elementor-spacer\">\n\t\t\t<div class=\"elementor-spacer-inner\"><\/div>\n\t\t<\/div>\n\t\t\t\t<\/div>\n\t\t\t\t<\/div>\n\t\t\t\t<div class=\"elementor-element elementor-element-c78ae18 elementor-widget elementor-widget-text-editor\" data-id=\"c78ae18\" data-element_type=\"widget\" data-widget_type=\"text-editor.default\">\n\t\t\t\t<div class=\"elementor-widget-container\">\n\t\t\t\t\t\t\t<p><span style=\"color: #000000;\">Je propose des consultations sur rendez-vous \u00e0 l&rsquo;adresse suivante :<\/span><\/p>\t\t\t\t\t\t<\/div>\n\t\t\t\t<\/div>\n\t\t\t\t<div class=\"elementor-element elementor-element-30e45fd e-transform elementor-widget elementor-widget-text-editor\" data-id=\"30e45fd\" data-element_type=\"widget\" data-settings=\"{&quot;_transform_skewX_effect&quot;:{&quot;unit&quot;:&quot;px&quot;,&quot;size&quot;:&quot;&quot;,&quot;sizes&quot;:[]},&quot;_transform_skewX_effect_tablet&quot;:{&quot;unit&quot;:&quot;deg&quot;,&quot;size&quot;:&quot;&quot;,&quot;sizes&quot;:[]},&quot;_transform_skewX_effect_mobile&quot;:{&quot;unit&quot;:&quot;deg&quot;,&quot;size&quot;:&quot;&quot;,&quot;sizes&quot;:[]},&quot;_transform_skewY_effect&quot;:{&quot;unit&quot;:&quot;px&quot;,&quot;size&quot;:&quot;&quot;,&quot;sizes&quot;:[]},&quot;_transform_skewY_effect_tablet&quot;:{&quot;unit&quot;:&quot;deg&quot;,&quot;size&quot;:&quot;&quot;,&quot;sizes&quot;:[]},&quot;_transform_skewY_effect_mobile&quot;:{&quot;unit&quot;:&quot;deg&quot;,&quot;size&quot;:&quot;&quot;,&quot;sizes&quot;:[]}}\" data-widget_type=\"text-editor.default\">\n\t\t\t\t<div class=\"elementor-widget-container\">\n\t\t\t\t\t\t\t<h3 style=\"text-align: center;\">128 rue du Chalet<\/h3><h3 style=\"text-align: center;\">51100 Reims<\/h3><h6 style=\"text-align: center;\"><em>entr\u00e9e rue de la Goulette (porte bleue)<\/em><\/h6>\t\t\t\t\t\t<\/div>\n\t\t\t\t<\/div>\n\t\t\t\t<div class=\"elementor-element elementor-element-32835ae elementor-widget elementor-widget-spacer\" data-id=\"32835ae\" data-element_type=\"widget\" data-widget_type=\"spacer.default\">\n\t\t\t\t<div class=\"elementor-widget-container\">\n\t\t\t\t\t<div class=\"elementor-spacer\">\n\t\t\t<div class=\"elementor-spacer-inner\"><\/div>\n\t\t<\/div>\n\t\t\t\t<\/div>\n\t\t\t\t<\/div>\n\t\t\t\t\t<\/div>\n\t\t<\/div>\n\t\t\t\t\t<\/div>\n\t\t<\/section>\n\t\t\t\t<section class=\"elementor-section elementor-top-section elementor-element elementor-element-7947126 elementor-section-boxed elementor-section-height-default elementor-section-height-default\" data-id=\"7947126\" data-element_type=\"section\">\n\t\t\t\t\t\t<div class=\"elementor-container elementor-column-gap-default\">\n\t\t\t\t\t<div class=\"elementor-column elementor-col-100 elementor-top-column elementor-element elementor-element-863f007\" data-id=\"863f007\" data-element_type=\"column\" data-settings=\"{&quot;background_background&quot;:&quot;classic&quot;}\">\n\t\t\t<div class=\"elementor-widget-wrap elementor-element-populated\">\n\t\t\t\t\t<div class=\"elementor-background-overlay\"><\/div>\n\t\t\t\t\t\t<div class=\"elementor-element elementor-element-df3910f elementor-widget elementor-widget-spacer\" data-id=\"df3910f\" data-element_type=\"widget\" data-widget_type=\"spacer.default\">\n\t\t\t\t<div class=\"elementor-widget-container\">\n\t\t\t\t\t<div class=\"elementor-spacer\">\n\t\t\t<div class=\"elementor-spacer-inner\"><\/div>\n\t\t<\/div>\n\t\t\t\t<\/div>\n\t\t\t\t<\/div>\n\t\t\t\t<div class=\"elementor-element elementor-element-c194e7c elementor-widget elementor-widget-text-editor\" data-id=\"c194e7c\" data-element_type=\"widget\" data-widget_type=\"text-editor.default\">\n\t\t\t\t<div class=\"elementor-widget-container\">\n\t\t\t\t\t\t\t<h5 style=\"text-align: center;\"><span style=\"color: #000000;\"><strong>Prendre rendez-vous&nbsp;:<\/strong><\/span><\/h5>\n<ul>\n<li>\n<p style=\"text-align: center;\"><em>* Je propose \u00e9galement des s\u00e9ances \u00e0 distance pour les personnes \u00e9loign\u00e9es g\u00e9ographiquement.<\/em><\/p>\n<\/li>\n<\/ul>\t\t\t\t\t\t<\/div>\n\t\t\t\t<\/div>\n\t\t\t\t<div class=\"elementor-element elementor-element-ed9198e elementor-align-center elementor-widget elementor-widget-button\" data-id=\"ed9198e\" data-element_type=\"widget\" data-widget_type=\"button.default\">\n\t\t\t\t<div class=\"elementor-widget-container\">\n\t\t\t\t\t<div class=\"elementor-button-wrapper\">\n\t\t\t<a class=\"elementor-button elementor-button-link elementor-size-lg\" href=\"tel:07.80.23.67.11\">\n\t\t\t\t\t\t<span class=\"elementor-button-content-wrapper\">\n\t\t\t\t\t\t<span class=\"elementor-button-icon elementor-align-icon-left\">\n\t\t\t\t<i aria-hidden=\"true\" class=\"fas fa-phone-alt\"><\/i>\t\t\t<\/span>\n\t\t\t\t\t\t<span class=\"elementor-button-text\">07.80.23.67.11<\/span>\n\t\t<\/span>\n\t\t\t\t\t<\/a>\n\t\t<\/div>\n\t\t\t\t<\/div>\n\t\t\t\t<\/div>\n\t\t\t\t<div class=\"elementor-element elementor-element-9969e94 elementor-align-center elementor-widget elementor-widget-button\" data-id=\"9969e94\" data-element_type=\"widget\" data-widget_type=\"button.default\">\n\t\t\t\t<div class=\"elementor-widget-container\">\n\t\t\t\t\t<div class=\"elementor-button-wrapper\">\n\t\t\t<a class=\"elementor-button elementor-button-link elementor-size-lg\" href=\"mailto:gladys.hulot7@gmail.com\" target=\"_blank\">\n\t\t\t\t\t\t<span class=\"elementor-button-content-wrapper\">\n\t\t\t\t\t\t<span class=\"elementor-button-icon elementor-align-icon-left\">\n\t\t\t\t<i aria-hidden=\"true\" class=\"fas fa-envelope\"><\/i>\t\t\t<\/span>\n\t\t\t\t\t\t<span class=\"elementor-button-text\">Mail<\/span>\n\t\t<\/span>\n\t\t\t\t\t<\/a>\n\t\t<\/div>\n\t\t\t\t<\/div>\n\t\t\t\t<\/div>\n\t\t\t\t<div class=\"elementor-element elementor-element-72a194f elementor-widget elementor-widget-spacer\" data-id=\"72a194f\" data-element_type=\"widget\" data-widget_type=\"spacer.default\">\n\t\t\t\t<div class=\"elementor-widget-container\">\n\t\t\t\t\t<div class=\"elementor-spacer\">\n\t\t\t<div class=\"elementor-spacer-inner\"><\/div>\n\t\t<\/div>\n\t\t\t\t<\/div>\n\t\t\t\t<\/div>\n\t\t\t\t\t<\/div>\n\t\t<\/div>\n\t\t\t\t\t<\/div>\n\t\t<\/section>\n\t\t\t\t<section class=\"elementor-section elementor-top-section elementor-element elementor-element-1d9598e elementor-section-boxed elementor-section-height-default elementor-section-height-default\" data-id=\"1d9598e\" data-element_type=\"section\">\n\t\t\t\t\t\t<div class=\"elementor-container elementor-column-gap-default\">\n\t\t\t\t\t<div class=\"elementor-column elementor-col-100 elementor-top-column elementor-element elementor-element-248fa56\" data-id=\"248fa56\" data-element_type=\"column\">\n\t\t\t<div class=\"elementor-widget-wrap elementor-element-populated\">\n\t\t\t\t\t\t<section class=\"elementor-section elementor-inner-section elementor-element elementor-element-b026445 elementor-section-boxed elementor-section-height-default elementor-section-height-default\" data-id=\"b026445\" data-element_type=\"section\">\n\t\t\t\t\t\t<div class=\"elementor-container elementor-column-gap-default\">\n\t\t\t\t\t<div class=\"elementor-column elementor-col-50 elementor-inner-column elementor-element elementor-element-f23c672\" data-id=\"f23c672\" data-element_type=\"column\">\n\t\t\t<div class=\"elementor-widget-wrap elementor-element-populated\">\n\t\t\t\t\t\t<div class=\"elementor-element elementor-element-c8b5484 elementor-widget__width-initial elementor-widget elementor-widget-text-editor\" data-id=\"c8b5484\" data-element_type=\"widget\" data-widget_type=\"text-editor.default\">\n\t\t\t\t<div class=\"elementor-widget-container\">\n\t\t\t\t\t\t\t<ul><li class=\"p1\"><h2><span class=\"s1\" style=\"color: #000000;\">Notes importantes :<\/span><\/h2><\/li><li>\u00a0<\/li><li class=\"p1\"><span class=\"s1\" style=\"color: #000000;\">Le magn\u00e9tisme que je pratique n\u2019a aucunement vocation \u00e0 remplacer la m\u00e9decine traditionnelle. <\/span><\/li><li class=\"p1\"><span class=\"s1\" style=\"color: #000000;\">Par cons\u00e9quent, <span style=\"text-decoration: underline;\"><strong>je ne pr\u00e9scris aucun m\u00e9dicament.<\/strong><\/span>\u00a0<\/span><\/li><li class=\"p1\"><span class=\"s1\" style=\"color: #000000;\">Le magn\u00e9tisme est \u00e0 consid\u00e9rer comme une aide suppl\u00e9mentaire aux traitements traditionnels.<\/span><\/li><\/ul><ul><li>\u00a0<\/li><li>\u00a0<\/li><li class=\"p1\"><h4><span class=\"s1\" style=\"color: #000000;\">Informations pratiques :<\/span><\/h4><\/li><li>\u00a0<\/li><li class=\"p1\"><span class=\"s1\" style=\"color: #000000;\">* Vous devrez vous munir de 3 \u00e0 6 bouteilles d\u2019eau de 1,5 Litres.<\/span><\/li><li>\u00a0<\/li><li class=\"p1\"><span class=\"s1\" style=\"color: #000000;\">* Il est conseill\u00e9 d&rsquo;inscrire dans votre GPS \u00ab 2 rue de la Goulette 51100 Reims \u00bb. (L&rsquo;entr\u00e9e du cabinet se trouve rue de la Goulette \u00e0 une porte bleue)<\/span><\/li><li class=\"p1\"><span class=\"s1\" style=\"color: #000000;\">\u00a0<\/span><\/li><li class=\"p1\"><span class=\"s1\" style=\"color: #000000;\">* Mon activit\u00e9 ne signifie en aucun cas le d\u00e9part en retraite de Serge Hulot qui propose toujours des consultations sur rendez-vous au <a style=\"color: #000000;\" href=\"tel:03.26.07.38.14\">03.26.07.38.14\u00a0<\/a><\/span><\/li><li class=\"p1\">\u00a0<\/li><\/ul>\t\t\t\t\t\t<\/div>\n\t\t\t\t<\/div>\n\t\t\t\t\t<\/div>\n\t\t<\/div>\n\t\t\t\t<div class=\"elementor-column elementor-col-50 elementor-inner-column elementor-element elementor-element-d896a73\" data-id=\"d896a73\" data-element_type=\"column\">\n\t\t\t<div class=\"elementor-widget-wrap\">\n\t\t\t\t\t\t\t<\/div>\n\t\t<\/div>\n\t\t\t\t\t<\/div>\n\t\t<\/section>\n\t\t\t\t<div class=\"elementor-element elementor-element-c53ca95 elementor-widget elementor-widget-spacer\" data-id=\"c53ca95\" data-element_type=\"widget\" data-widget_type=\"spacer.default\">\n\t\t\t\t<div class=\"elementor-widget-container\">\n\t\t\t\t\t<div class=\"elementor-spacer\">\n\t\t\t<div class=\"elementor-spacer-inner\"><\/div>\n\t\t<\/div>\n\t\t\t\t<\/div>\n\t\t\t\t<\/div>\n\t\t\t\t\t<\/div>\n\t\t<\/div>\n\t\t\t\t\t<\/div>\n\t\t<\/section>\n\t\t\t\t<\/div>\n\t\t","protected":false},"excerpt":{"rendered":"<p>Fille du magn\u00e9tiseur Serge Hulot, j\u2019ai grandi dans l\u2019univers extr\u00eamement bienveillant du magn\u00e9tisme. Au fil du temps, de nombreux \u00e9v\u00e9nements me firent savoir qu\u2019il m\u2019\u00e9tait \u00e9galement possible de transmettre cette \u00e9nergie. Ainsi, depuis 2021, je propose des s\u00e9ances de magn\u00e9tisme.\u00a0 L\u2019\u00e9coute occupe une place essentielle au cours des consultations o\u00f9 j\u2019invite la personne en demande \u00e0 mettre des mots sur ses maux \u00e0 mesure qu\u2019elle re\u00e7oit l\u2019\u00e9nergie lors de la s\u00e9ance. La conversation a pour but de nous guider vers l\u2019origine du probl\u00e8me afin que le magn\u00e9tisme \u0153uvre \u00e0 r\u00e9tablir l&rsquo;\u00e9quilibre \u00e0 la racine de ce dernier. Cependant, la s\u00e9ance peut \u00e9galement se d\u00e9rouler dans le silence suivant les pr\u00e9f\u00e9rences de chacun. Il est important de noter que le magn\u00e9tiseur joue le r\u00f4le de canal entre l\u2019\u00e9nergie de l\u2019Univers et la personne en demande. Je propose des consultations sur rendez-vous \u00e0 l&rsquo;adresse suivante : 128 rue du Chalet 51100 Reims entr\u00e9e rue de la Goulette (porte bleue) Prendre rendez-vous&nbsp;: * Je propose \u00e9galement des s\u00e9ances \u00e0 distance pour les personnes \u00e9loign\u00e9es g\u00e9ographiquement. 07.80.23.67.11 Mail Notes importantes : \u00a0 Le magn\u00e9tisme que je pratique n\u2019a aucunement vocation \u00e0 remplacer la m\u00e9decine traditionnelle. Par cons\u00e9quent, je ne pr\u00e9scris aucun m\u00e9dicament.\u00a0 Le magn\u00e9tisme est \u00e0 consid\u00e9rer comme une aide suppl\u00e9mentaire aux traitements traditionnels. \u00a0 \u00a0 Informations pratiques : \u00a0 * Vous devrez vous munir de 3 \u00e0 6 bouteilles d\u2019eau de 1,5 Litres. \u00a0 * Il est conseill\u00e9 d&rsquo;inscrire dans votre GPS \u00ab 2 rue de la Goulette 51100 Reims \u00bb. (L&rsquo;entr\u00e9e du cabinet se trouve rue de la Goulette \u00e0 une porte bleue) \u00a0 * Mon activit\u00e9 ne signifie en aucun cas le d\u00e9part en retraite de Serge Hulot qui propose toujours des consultations sur rendez-vous au 03.26.07.38.14\u00a0 \u00a0<\/p>\n","protected":false},"author":1,"featured_media":0,"parent":0,"menu_order":0,"comment_status":"closed","ping_status":"closed","template":"elementor_header_footer","meta":{"footnotes":""},"class_list":["post-36","page","type-page","status-publish","hentry"],"yoast_head":"<!-- This site is optimized with the Yoast SEO plugin v22.2 - https:\/\/yoast.com\/wordpress\/plugins\/seo\/ -->\n<title>Gladys Hulot, magn\u00e9tiseuse -<\/title>\n<meta name=\"description\" content=\"Magn\u00e9tiseuse sur Reims, Je suis \u00e0 votre \u00e9coute. Je propose des consultations sur rendez-vous au 07.80.23.67.11.\" \/>\n<meta name=\"robots\" content=\"index, follow, max-snippet:-1, max-image-preview:large, max-video-preview:-1\" \/>\n<link rel=\"canonical\" href=\"https:\/\/gladyshulot-magnetiseuse.fr\/\" \/>\n<meta property=\"og:locale\" content=\"fr_FR\" \/>\n<meta property=\"og:type\" content=\"article\" \/>\n<meta property=\"og:title\" content=\"Gladys Hulot, magn\u00e9tiseuse -\" \/>\n<meta property=\"og:description\" content=\"Magn\u00e9tiseuse sur Reims, Je suis \u00e0 votre \u00e9coute. Je propose des consultations sur rendez-vous au 07.80.23.67.11.\" \/>\n<meta property=\"og:url\" content=\"https:\/\/gladyshulot-magnetiseuse.fr\/\" \/>\n<meta property=\"article:modified_time\" content=\"2024-04-17T06:27:17+00:00\" \/>\n<meta name=\"twitter:card\" content=\"summary_large_image\" \/>\n<meta name=\"twitter:label1\" content=\"Dur\u00e9e de lecture estim\u00e9e\" \/>\n\t<meta name=\"twitter:data1\" content=\"2 minutes\" \/>\n<script type=\"application\/ld+json\" class=\"yoast-schema-graph\">{\"@context\":\"https:\/\/schema.org\",\"@graph\":[{\"@type\":\"WebPage\",\"@id\":\"https:\/\/gladyshulot-magnetiseuse.fr\/\",\"url\":\"https:\/\/gladyshulot-magnetiseuse.fr\/\",\"name\":\"Gladys Hulot, magn\u00e9tiseuse -\",\"isPartOf\":{\"@id\":\"https:\/\/gladyshulot-magnetiseuse.fr\/#website\"},\"datePublished\":\"2023-07-24T16:03:18+00:00\",\"dateModified\":\"2024-04-17T06:27:17+00:00\",\"description\":\"Magn\u00e9tiseuse sur Reims, Je suis \u00e0 votre \u00e9coute. Je propose des consultations sur rendez-vous au 07.80.23.67.11.\",\"breadcrumb\":{\"@id\":\"https:\/\/gladyshulot-magnetiseuse.fr\/#breadcrumb\"},\"inLanguage\":\"fr-FR\",\"potentialAction\":[{\"@type\":\"ReadAction\",\"target\":[\"https:\/\/gladyshulot-magnetiseuse.fr\/\"]}]},{\"@type\":\"BreadcrumbList\",\"@id\":\"https:\/\/gladyshulot-magnetiseuse.fr\/#breadcrumb\",\"itemListElement\":[{\"@type\":\"ListItem\",\"position\":1,\"name\":\"Accueil\",\"item\":\"https:\/\/gladyshulot-magnetiseuse.fr\/\"},{\"@type\":\"ListItem\",\"position\":2,\"name\":\"Gladys Hulot, magn\u00e9tiseuse\"}]},{\"@type\":\"WebSite\",\"@id\":\"https:\/\/gladyshulot-magnetiseuse.fr\/#website\",\"url\":\"https:\/\/gladyshulot-magnetiseuse.fr\/\",\"name\":\"\",\"description\":\"\",\"potentialAction\":[{\"@type\":\"SearchAction\",\"target\":{\"@type\":\"EntryPoint\",\"urlTemplate\":\"https:\/\/gladyshulot-magnetiseuse.fr\/?s={search_term_string}\"},\"query-input\":\"required name=search_term_string\"}],\"inLanguage\":\"fr-FR\"}]}<\/script>\n<!-- \/ Yoast SEO plugin. -->","yoast_head_json":{"title":"Gladys Hulot, magn\u00e9tiseuse -","description":"Magn\u00e9tiseuse sur Reims, Je suis \u00e0 votre \u00e9coute. Je propose des consultations sur rendez-vous au 07.80.23.67.11.","robots":{"index":"index","follow":"follow","max-snippet":"max-snippet:-1","max-image-preview":"max-image-preview:large","max-video-preview":"max-video-preview:-1"},"canonical":"https:\/\/gladyshulot-magnetiseuse.fr\/","og_locale":"fr_FR","og_type":"article","og_title":"Gladys Hulot, magn\u00e9tiseuse -","og_description":"Magn\u00e9tiseuse sur Reims, Je suis \u00e0 votre \u00e9coute. Je propose des consultations sur rendez-vous au 07.80.23.67.11.","og_url":"https:\/\/gladyshulot-magnetiseuse.fr\/","article_modified_time":"2024-04-17T06:27:17+00:00","twitter_card":"summary_large_image","twitter_misc":{"Dur\u00e9e de lecture estim\u00e9e":"2 minutes"},"schema":{"@context":"https:\/\/schema.org","@graph":[{"@type":"WebPage","@id":"https:\/\/gladyshulot-magnetiseuse.fr\/","url":"https:\/\/gladyshulot-magnetiseuse.fr\/","name":"Gladys Hulot, magn\u00e9tiseuse -","isPartOf":{"@id":"https:\/\/gladyshulot-magnetiseuse.fr\/#website"},"datePublished":"2023-07-24T16:03:18+00:00","dateModified":"2024-04-17T06:27:17+00:00","description":"Magn\u00e9tiseuse sur Reims, Je suis \u00e0 votre \u00e9coute. Je propose des consultations sur rendez-vous au 07.80.23.67.11.","breadcrumb":{"@id":"https:\/\/gladyshulot-magnetiseuse.fr\/#breadcrumb"},"inLanguage":"fr-FR","potentialAction":[{"@type":"ReadAction","target":["https:\/\/gladyshulot-magnetiseuse.fr\/"]}]},{"@type":"BreadcrumbList","@id":"https:\/\/gladyshulot-magnetiseuse.fr\/#breadcrumb","itemListElement":[{"@type":"ListItem","position":1,"name":"Accueil","item":"https:\/\/gladyshulot-magnetiseuse.fr\/"},{"@type":"ListItem","position":2,"name":"Gladys Hulot, magn\u00e9tiseuse"}]},{"@type":"WebSite","@id":"https:\/\/gladyshulot-magnetiseuse.fr\/#website","url":"https:\/\/gladyshulot-magnetiseuse.fr\/","name":"","description":"","potentialAction":[{"@type":"SearchAction","target":{"@type":"EntryPoint","urlTemplate":"https:\/\/gladyshulot-magnetiseuse.fr\/?s={search_term_string}"},"query-input":"required name=search_term_string"}],"inLanguage":"fr-FR"}]}},"_links":{"self":[{"href":"https:\/\/gladyshulot-magnetiseuse.fr\/index.php\/wp-json\/wp\/v2\/pages\/36","targetHints":{"allow":["GET"]}}],"collection":[{"href":"https:\/\/gladyshulot-magnetiseuse.fr\/index.php\/wp-json\/wp\/v2\/pages"}],"about":[{"href":"https:\/\/gladyshulot-magnetiseuse.fr\/index.php\/wp-json\/wp\/v2\/types\/page"}],"author":[{"embeddable":true,"href":"https:\/\/gladyshulot-magnetiseuse.fr\/index.php\/wp-json\/wp\/v2\/users\/1"}],"replies":[{"embeddable":true,"href":"https:\/\/gladyshulot-magnetiseuse.fr\/index.php\/wp-json\/wp\/v2\/comments?post=36"}],"version-history":[{"count":188,"href":"https:\/\/gladyshulot-magnetiseuse.fr\/index.php\/wp-json\/wp\/v2\/pages\/36\/revisions"}],"predecessor-version":[{"id":258,"href":"https:\/\/gladyshulot-magnetiseuse.fr\/index.php\/wp-json\/wp\/v2\/pages\/36\/revisions\/258"}],"wp:attachment":[{"href":"https:\/\/gladyshulot-magnetiseuse.fr\/index.php\/wp-json\/wp\/v2\/media?parent=36"}],"curies":[{"name":"wp","href":"https:\/\/api.w.org\/{rel}","templated":true}]}}